{"id":1325,"date":"2022-11-22T10:51:48","date_gmt":"2022-11-22T10:51:48","guid":{"rendered":"https:\/\/accofashion.de\/pagina-principala\/"},"modified":"2025-10-03T07:53:53","modified_gmt":"2025-10-03T07:53:53","slug":"pagina-principala","status":"publish","type":"page","link":"https:\/\/accofashion.de\/ro\/","title":{"rendered":"PAGINA PRINCIPAL\u0102"},"content":{"rendered":"","protected":false},"excerpt":{"rendered":"","protected":false},"author":2,"featured_media":0,"parent":0,"menu_order":0,"comment_status":"closed","ping_status":"closed","template":"","meta":{"footnotes":""},"class_list":["post-1325","page","type-page","status-publish","hentry"],"yoast_head":"<!-- This site is optimized with the Yoast SEO plugin v27.3 - https:\/\/yoast.com\/product\/yoast-seo-wordpress\/ -->\n<title>ACCO Fashion<\/title>\n<meta name=\"description\" content=\"ACCO Fashion \u2022 Viziunea noastr\u0103 este s\u0103 oferim mod\u0103 de calitate, care s\u0103 r\u0103spund\u0103 nevoilor clien\u021bilor no\u0219tri interna\u021bionali, concentr\u00e2ndu-ne pe \u021bes\u0103turi de ultim\u0103 genera\u021bie cu aplica\u021biile noastre tehnologice inovatoare.\" \/>\n<meta name=\"robots\" content=\"index, follow, max-snippet:-1, max-image-preview:large, max-video-preview:-1\" \/>\n<link rel=\"canonical\" href=\"https:\/\/accofashion.de\/ro\/\" \/>\n<meta property=\"og:locale\" content=\"ro_RO\" \/>\n<meta property=\"og:type\" content=\"article\" \/>\n<meta property=\"og:title\" content=\"ACCO Fashion\" \/>\n<meta property=\"og:description\" content=\"ACCO Fashion \u2022 Viziunea noastr\u0103 este s\u0103 oferim mod\u0103 de calitate, care s\u0103 r\u0103spund\u0103 nevoilor clien\u021bilor no\u0219tri interna\u021bionali, concentr\u00e2ndu-ne pe \u021bes\u0103turi de ultim\u0103 genera\u021bie cu aplica\u021biile noastre tehnologice inovatoare.\" \/>\n<meta property=\"og:url\" content=\"https:\/\/accofashion.de\/ro\/\" \/>\n<meta property=\"og:site_name\" content=\"accofashion.de\" \/>\n<meta property=\"article:publisher\" content=\"https:\/\/www.facebook.com\/AccoFashionOfficial?mibextid=LQQJ4d\" \/>\n<meta property=\"article:modified_time\" content=\"2025-10-03T07:53:53+00:00\" \/>\n<meta name=\"twitter:card\" content=\"summary_large_image\" \/>\n<script type=\"application\/ld+json\" class=\"yoast-schema-graph\">{\"@context\":\"https:\\\/\\\/schema.org\",\"@graph\":[{\"@type\":\"WebPage\",\"@id\":\"https:\\\/\\\/accofashion.de\\\/ro\\\/\",\"url\":\"https:\\\/\\\/accofashion.de\\\/ro\\\/\",\"name\":\"ACCO Fashion\",\"isPartOf\":{\"@id\":\"https:\\\/\\\/accofashion.de\\\/ro\\\/#website\"},\"datePublished\":\"2022-11-22T10:51:48+00:00\",\"dateModified\":\"2025-10-03T07:53:53+00:00\",\"description\":\"ACCO Fashion \u2022 Viziunea noastr\u0103 este s\u0103 oferim mod\u0103 de calitate, care s\u0103 r\u0103spund\u0103 nevoilor clien\u021bilor no\u0219tri interna\u021bionali, concentr\u00e2ndu-ne pe \u021bes\u0103turi de ultim\u0103 genera\u021bie cu aplica\u021biile noastre tehnologice inovatoare.\",\"breadcrumb\":{\"@id\":\"https:\\\/\\\/accofashion.de\\\/ro\\\/#breadcrumb\"},\"inLanguage\":\"ro-RO\",\"potentialAction\":[{\"@type\":\"ReadAction\",\"target\":[\"https:\\\/\\\/accofashion.de\\\/ro\\\/\"]}]},{\"@type\":\"BreadcrumbList\",\"@id\":\"https:\\\/\\\/accofashion.de\\\/ro\\\/#breadcrumb\",\"itemListElement\":[{\"@type\":\"ListItem\",\"position\":1,\"name\":\"Home\",\"item\":\"https:\\\/\\\/accofashion.de\\\/ro\\\/\"},{\"@type\":\"ListItem\",\"position\":2,\"name\":\"PAGINA PRINCIPAL\u0102\"}]},{\"@type\":\"WebSite\",\"@id\":\"https:\\\/\\\/accofashion.de\\\/ro\\\/#website\",\"url\":\"https:\\\/\\\/accofashion.de\\\/ro\\\/\",\"name\":\"ACCO Fashion\",\"description\":\"ACCO FASHION\",\"publisher\":{\"@id\":\"https:\\\/\\\/accofashion.de\\\/ro\\\/#organization\"},\"potentialAction\":[{\"@type\":\"SearchAction\",\"target\":{\"@type\":\"EntryPoint\",\"urlTemplate\":\"https:\\\/\\\/accofashion.de\\\/ro\\\/?s={search_term_string}\"},\"query-input\":{\"@type\":\"PropertyValueSpecification\",\"valueRequired\":true,\"valueName\":\"search_term_string\"}}],\"inLanguage\":\"ro-RO\"},{\"@type\":\"Organization\",\"@id\":\"https:\\\/\\\/accofashion.de\\\/ro\\\/#organization\",\"name\":\"accofashion.de\",\"url\":\"https:\\\/\\\/accofashion.de\\\/ro\\\/\",\"logo\":{\"@type\":\"ImageObject\",\"inLanguage\":\"ro-RO\",\"@id\":\"https:\\\/\\\/accofashion.de\\\/ro\\\/#\\\/schema\\\/logo\\\/image\\\/\",\"url\":\"https:\\\/\\\/accofashion.de\\\/wp-content\\\/uploads\\\/2023\\\/12\\\/favicon-lg.jpg\",\"contentUrl\":\"https:\\\/\\\/accofashion.de\\\/wp-content\\\/uploads\\\/2023\\\/12\\\/favicon-lg.jpg\",\"width\":500,\"height\":500,\"caption\":\"accofashion.de\"},\"image\":{\"@id\":\"https:\\\/\\\/accofashion.de\\\/ro\\\/#\\\/schema\\\/logo\\\/image\\\/\"},\"sameAs\":[\"https:\\\/\\\/www.facebook.com\\\/AccoFashionOfficial?mibextid=LQQJ4d\",\"https:\\\/\\\/www.instagram.com\\\/accofashionofficial\\\/\",\"https:\\\/\\\/www.linkedin.com\\\/company\\\/accofashion\\\/\",\"https:\\\/\\\/www.youtube.com\\\/@ACCOFASHION-hg6xw\"]}]}<\/script>\n<!-- \/ Yoast SEO plugin. -->","yoast_head_json":{"title":"ACCO Fashion","description":"ACCO Fashion \u2022 Viziunea noastr\u0103 este s\u0103 oferim mod\u0103 de calitate, care s\u0103 r\u0103spund\u0103 nevoilor clien\u021bilor no\u0219tri interna\u021bionali, concentr\u00e2ndu-ne pe \u021bes\u0103turi de ultim\u0103 genera\u021bie cu aplica\u021biile noastre tehnologice inovatoare.","robots":{"index":"index","follow":"follow","max-snippet":"max-snippet:-1","max-image-preview":"max-image-preview:large","max-video-preview":"max-video-preview:-1"},"canonical":"https:\/\/accofashion.de\/ro\/","og_locale":"ro_RO","og_type":"article","og_title":"ACCO Fashion","og_description":"ACCO Fashion \u2022 Viziunea noastr\u0103 este s\u0103 oferim mod\u0103 de calitate, care s\u0103 r\u0103spund\u0103 nevoilor clien\u021bilor no\u0219tri interna\u021bionali, concentr\u00e2ndu-ne pe \u021bes\u0103turi de ultim\u0103 genera\u021bie cu aplica\u021biile noastre tehnologice inovatoare.","og_url":"https:\/\/accofashion.de\/ro\/","og_site_name":"accofashion.de","article_publisher":"https:\/\/www.facebook.com\/AccoFashionOfficial?mibextid=LQQJ4d","article_modified_time":"2025-10-03T07:53:53+00:00","twitter_card":"summary_large_image","schema":{"@context":"https:\/\/schema.org","@graph":[{"@type":"WebPage","@id":"https:\/\/accofashion.de\/ro\/","url":"https:\/\/accofashion.de\/ro\/","name":"ACCO Fashion","isPartOf":{"@id":"https:\/\/accofashion.de\/ro\/#website"},"datePublished":"2022-11-22T10:51:48+00:00","dateModified":"2025-10-03T07:53:53+00:00","description":"ACCO Fashion \u2022 Viziunea noastr\u0103 este s\u0103 oferim mod\u0103 de calitate, care s\u0103 r\u0103spund\u0103 nevoilor clien\u021bilor no\u0219tri interna\u021bionali, concentr\u00e2ndu-ne pe \u021bes\u0103turi de ultim\u0103 genera\u021bie cu aplica\u021biile noastre tehnologice inovatoare.","breadcrumb":{"@id":"https:\/\/accofashion.de\/ro\/#breadcrumb"},"inLanguage":"ro-RO","potentialAction":[{"@type":"ReadAction","target":["https:\/\/accofashion.de\/ro\/"]}]},{"@type":"BreadcrumbList","@id":"https:\/\/accofashion.de\/ro\/#breadcrumb","itemListElement":[{"@type":"ListItem","position":1,"name":"Home","item":"https:\/\/accofashion.de\/ro\/"},{"@type":"ListItem","position":2,"name":"PAGINA PRINCIPAL\u0102"}]},{"@type":"WebSite","@id":"https:\/\/accofashion.de\/ro\/#website","url":"https:\/\/accofashion.de\/ro\/","name":"ACCO Fashion","description":"ACCO FASHION","publisher":{"@id":"https:\/\/accofashion.de\/ro\/#organization"},"potentialAction":[{"@type":"SearchAction","target":{"@type":"EntryPoint","urlTemplate":"https:\/\/accofashion.de\/ro\/?s={search_term_string}"},"query-input":{"@type":"PropertyValueSpecification","valueRequired":true,"valueName":"search_term_string"}}],"inLanguage":"ro-RO"},{"@type":"Organization","@id":"https:\/\/accofashion.de\/ro\/#organization","name":"accofashion.de","url":"https:\/\/accofashion.de\/ro\/","logo":{"@type":"ImageObject","inLanguage":"ro-RO","@id":"https:\/\/accofashion.de\/ro\/#\/schema\/logo\/image\/","url":"https:\/\/accofashion.de\/wp-content\/uploads\/2023\/12\/favicon-lg.jpg","contentUrl":"https:\/\/accofashion.de\/wp-content\/uploads\/2023\/12\/favicon-lg.jpg","width":500,"height":500,"caption":"accofashion.de"},"image":{"@id":"https:\/\/accofashion.de\/ro\/#\/schema\/logo\/image\/"},"sameAs":["https:\/\/www.facebook.com\/AccoFashionOfficial?mibextid=LQQJ4d","https:\/\/www.instagram.com\/accofashionofficial\/","https:\/\/www.linkedin.com\/company\/accofashion\/","https:\/\/www.youtube.com\/@ACCOFASHION-hg6xw"]}]}},"_links":{"self":[{"href":"https:\/\/accofashion.de\/ro\/wp-json\/wp\/v2\/pages\/1325","targetHints":{"allow":["GET"]}}],"collection":[{"href":"https:\/\/accofashion.de\/ro\/wp-json\/wp\/v2\/pages"}],"about":[{"href":"https:\/\/accofashion.de\/ro\/wp-json\/wp\/v2\/types\/page"}],"author":[{"embeddable":true,"href":"https:\/\/accofashion.de\/ro\/wp-json\/wp\/v2\/users\/2"}],"replies":[{"embeddable":true,"href":"https:\/\/accofashion.de\/ro\/wp-json\/wp\/v2\/comments?post=1325"}],"version-history":[{"count":1,"href":"https:\/\/accofashion.de\/ro\/wp-json\/wp\/v2\/pages\/1325\/revisions"}],"predecessor-version":[{"id":1426,"href":"https:\/\/accofashion.de\/ro\/wp-json\/wp\/v2\/pages\/1325\/revisions\/1426"}],"wp:attachment":[{"href":"https:\/\/accofashion.de\/ro\/wp-json\/wp\/v2\/media?parent=1325"}],"curies":[{"name":"wp","href":"https:\/\/api.w.org\/{rel}","templated":true}]}}