{"id":2237,"date":"2022-11-22T10:51:48","date_gmt":"2022-11-22T10:51:48","guid":{"rendered":"https:\/\/accofashion.de\/home\/"},"modified":"2025-10-03T07:54:28","modified_gmt":"2025-10-03T07:54:28","slug":"home","status":"publish","type":"page","link":"https:\/\/accofashion.de\/it\/","title":{"rendered":"Homepage"},"content":{"rendered":"","protected":false},"excerpt":{"rendered":"","protected":false},"author":2,"featured_media":0,"parent":0,"menu_order":0,"comment_status":"closed","ping_status":"closed","template":"","meta":{"footnotes":""},"class_list":["post-2237","page","type-page","status-publish","hentry"],"yoast_head":"<!-- This site is optimized with the Yoast SEO plugin v27.3 - https:\/\/yoast.com\/product\/yoast-seo-wordpress\/ -->\n<title>ACCO Fashion<\/title>\n<meta name=\"description\" content=\"ACCO Fashion \u2022 La nostra visione \u00e8 quella di offrire moda di alta qualit\u00e0 che soddisfi le esigenze dei nostri clienti internazionali, concentrandoci su tessuti di alta qualit\u00e0 e applicando innovative tecnologie.\" \/>\n<meta name=\"robots\" content=\"index, follow, max-snippet:-1, max-image-preview:large, max-video-preview:-1\" \/>\n<link rel=\"canonical\" href=\"https:\/\/accofashion.de\/it\/\" \/>\n<meta property=\"og:locale\" content=\"it_IT\" \/>\n<meta property=\"og:type\" content=\"article\" \/>\n<meta property=\"og:title\" content=\"ACCO Fashion\" \/>\n<meta property=\"og:description\" content=\"ACCO Fashion \u2022 La nostra visione \u00e8 quella di offrire moda di alta qualit\u00e0 che soddisfi le esigenze dei nostri clienti internazionali, concentrandoci su tessuti di alta qualit\u00e0 e applicando innovative tecnologie.\" \/>\n<meta property=\"og:url\" content=\"https:\/\/accofashion.de\/it\/\" \/>\n<meta property=\"og:site_name\" content=\"accofashion.de\" \/>\n<meta property=\"article:publisher\" content=\"https:\/\/www.facebook.com\/AccoFashionOfficial?mibextid=LQQJ4d\" \/>\n<meta property=\"article:modified_time\" content=\"2025-10-03T07:54:28+00:00\" \/>\n<meta name=\"twitter:card\" content=\"summary_large_image\" \/>\n<script type=\"application\/ld+json\" class=\"yoast-schema-graph\">{\"@context\":\"https:\\\/\\\/schema.org\",\"@graph\":[{\"@type\":\"WebPage\",\"@id\":\"https:\\\/\\\/accofashion.de\\\/it\\\/\",\"url\":\"https:\\\/\\\/accofashion.de\\\/it\\\/\",\"name\":\"ACCO Fashion\",\"isPartOf\":{\"@id\":\"https:\\\/\\\/accofashion.de\\\/it\\\/#website\"},\"datePublished\":\"2022-11-22T10:51:48+00:00\",\"dateModified\":\"2025-10-03T07:54:28+00:00\",\"description\":\"ACCO Fashion \u2022 La nostra visione \u00e8 quella di offrire moda di alta qualit\u00e0 che soddisfi le esigenze dei nostri clienti internazionali, concentrandoci su tessuti di alta qualit\u00e0 e applicando innovative tecnologie.\",\"breadcrumb\":{\"@id\":\"https:\\\/\\\/accofashion.de\\\/it\\\/#breadcrumb\"},\"inLanguage\":\"it-IT\",\"potentialAction\":[{\"@type\":\"ReadAction\",\"target\":[\"https:\\\/\\\/accofashion.de\\\/it\\\/\"]}]},{\"@type\":\"BreadcrumbList\",\"@id\":\"https:\\\/\\\/accofashion.de\\\/it\\\/#breadcrumb\",\"itemListElement\":[{\"@type\":\"ListItem\",\"position\":1,\"name\":\"Home\",\"item\":\"https:\\\/\\\/accofashion.de\\\/it\\\/\"},{\"@type\":\"ListItem\",\"position\":2,\"name\":\"Homepage\"}]},{\"@type\":\"WebSite\",\"@id\":\"https:\\\/\\\/accofashion.de\\\/it\\\/#website\",\"url\":\"https:\\\/\\\/accofashion.de\\\/it\\\/\",\"name\":\"ACCO Fashion\",\"description\":\"ACCO FASHION\",\"publisher\":{\"@id\":\"https:\\\/\\\/accofashion.de\\\/it\\\/#organization\"},\"potentialAction\":[{\"@type\":\"SearchAction\",\"target\":{\"@type\":\"EntryPoint\",\"urlTemplate\":\"https:\\\/\\\/accofashion.de\\\/it\\\/?s={search_term_string}\"},\"query-input\":{\"@type\":\"PropertyValueSpecification\",\"valueRequired\":true,\"valueName\":\"search_term_string\"}}],\"inLanguage\":\"it-IT\"},{\"@type\":\"Organization\",\"@id\":\"https:\\\/\\\/accofashion.de\\\/it\\\/#organization\",\"name\":\"accofashion.de\",\"url\":\"https:\\\/\\\/accofashion.de\\\/it\\\/\",\"logo\":{\"@type\":\"ImageObject\",\"inLanguage\":\"it-IT\",\"@id\":\"https:\\\/\\\/accofashion.de\\\/it\\\/#\\\/schema\\\/logo\\\/image\\\/\",\"url\":\"https:\\\/\\\/accofashion.de\\\/wp-content\\\/uploads\\\/2023\\\/12\\\/favicon-lg.jpg\",\"contentUrl\":\"https:\\\/\\\/accofashion.de\\\/wp-content\\\/uploads\\\/2023\\\/12\\\/favicon-lg.jpg\",\"width\":500,\"height\":500,\"caption\":\"accofashion.de\"},\"image\":{\"@id\":\"https:\\\/\\\/accofashion.de\\\/it\\\/#\\\/schema\\\/logo\\\/image\\\/\"},\"sameAs\":[\"https:\\\/\\\/www.facebook.com\\\/AccoFashionOfficial?mibextid=LQQJ4d\",\"https:\\\/\\\/www.instagram.com\\\/accofashionofficial\\\/\",\"https:\\\/\\\/www.linkedin.com\\\/company\\\/accofashion\\\/\",\"https:\\\/\\\/www.youtube.com\\\/@ACCOFASHION-hg6xw\"]}]}<\/script>\n<!-- \/ Yoast SEO plugin. -->","yoast_head_json":{"title":"ACCO Fashion","description":"ACCO Fashion \u2022 La nostra visione \u00e8 quella di offrire moda di alta qualit\u00e0 che soddisfi le esigenze dei nostri clienti internazionali, concentrandoci su tessuti di alta qualit\u00e0 e applicando innovative tecnologie.","robots":{"index":"index","follow":"follow","max-snippet":"max-snippet:-1","max-image-preview":"max-image-preview:large","max-video-preview":"max-video-preview:-1"},"canonical":"https:\/\/accofashion.de\/it\/","og_locale":"it_IT","og_type":"article","og_title":"ACCO Fashion","og_description":"ACCO Fashion \u2022 La nostra visione \u00e8 quella di offrire moda di alta qualit\u00e0 che soddisfi le esigenze dei nostri clienti internazionali, concentrandoci su tessuti di alta qualit\u00e0 e applicando innovative tecnologie.","og_url":"https:\/\/accofashion.de\/it\/","og_site_name":"accofashion.de","article_publisher":"https:\/\/www.facebook.com\/AccoFashionOfficial?mibextid=LQQJ4d","article_modified_time":"2025-10-03T07:54:28+00:00","twitter_card":"summary_large_image","schema":{"@context":"https:\/\/schema.org","@graph":[{"@type":"WebPage","@id":"https:\/\/accofashion.de\/it\/","url":"https:\/\/accofashion.de\/it\/","name":"ACCO Fashion","isPartOf":{"@id":"https:\/\/accofashion.de\/it\/#website"},"datePublished":"2022-11-22T10:51:48+00:00","dateModified":"2025-10-03T07:54:28+00:00","description":"ACCO Fashion \u2022 La nostra visione \u00e8 quella di offrire moda di alta qualit\u00e0 che soddisfi le esigenze dei nostri clienti internazionali, concentrandoci su tessuti di alta qualit\u00e0 e applicando innovative tecnologie.","breadcrumb":{"@id":"https:\/\/accofashion.de\/it\/#breadcrumb"},"inLanguage":"it-IT","potentialAction":[{"@type":"ReadAction","target":["https:\/\/accofashion.de\/it\/"]}]},{"@type":"BreadcrumbList","@id":"https:\/\/accofashion.de\/it\/#breadcrumb","itemListElement":[{"@type":"ListItem","position":1,"name":"Home","item":"https:\/\/accofashion.de\/it\/"},{"@type":"ListItem","position":2,"name":"Homepage"}]},{"@type":"WebSite","@id":"https:\/\/accofashion.de\/it\/#website","url":"https:\/\/accofashion.de\/it\/","name":"ACCO Fashion","description":"ACCO FASHION","publisher":{"@id":"https:\/\/accofashion.de\/it\/#organization"},"potentialAction":[{"@type":"SearchAction","target":{"@type":"EntryPoint","urlTemplate":"https:\/\/accofashion.de\/it\/?s={search_term_string}"},"query-input":{"@type":"PropertyValueSpecification","valueRequired":true,"valueName":"search_term_string"}}],"inLanguage":"it-IT"},{"@type":"Organization","@id":"https:\/\/accofashion.de\/it\/#organization","name":"accofashion.de","url":"https:\/\/accofashion.de\/it\/","logo":{"@type":"ImageObject","inLanguage":"it-IT","@id":"https:\/\/accofashion.de\/it\/#\/schema\/logo\/image\/","url":"https:\/\/accofashion.de\/wp-content\/uploads\/2023\/12\/favicon-lg.jpg","contentUrl":"https:\/\/accofashion.de\/wp-content\/uploads\/2023\/12\/favicon-lg.jpg","width":500,"height":500,"caption":"accofashion.de"},"image":{"@id":"https:\/\/accofashion.de\/it\/#\/schema\/logo\/image\/"},"sameAs":["https:\/\/www.facebook.com\/AccoFashionOfficial?mibextid=LQQJ4d","https:\/\/www.instagram.com\/accofashionofficial\/","https:\/\/www.linkedin.com\/company\/accofashion\/","https:\/\/www.youtube.com\/@ACCOFASHION-hg6xw"]}]}},"_links":{"self":[{"href":"https:\/\/accofashion.de\/it\/wp-json\/wp\/v2\/pages\/2237","targetHints":{"allow":["GET"]}}],"collection":[{"href":"https:\/\/accofashion.de\/it\/wp-json\/wp\/v2\/pages"}],"about":[{"href":"https:\/\/accofashion.de\/it\/wp-json\/wp\/v2\/types\/page"}],"author":[{"embeddable":true,"href":"https:\/\/accofashion.de\/it\/wp-json\/wp\/v2\/users\/2"}],"replies":[{"embeddable":true,"href":"https:\/\/accofashion.de\/it\/wp-json\/wp\/v2\/comments?post=2237"}],"version-history":[{"count":1,"href":"https:\/\/accofashion.de\/it\/wp-json\/wp\/v2\/pages\/2237\/revisions"}],"predecessor-version":[{"id":2238,"href":"https:\/\/accofashion.de\/it\/wp-json\/wp\/v2\/pages\/2237\/revisions\/2238"}],"wp:attachment":[{"href":"https:\/\/accofashion.de\/it\/wp-json\/wp\/v2\/media?parent=2237"}],"curies":[{"name":"wp","href":"https:\/\/api.w.org\/{rel}","templated":true}]}}