{"id":1817,"date":"2022-11-22T10:51:48","date_gmt":"2022-11-22T10:51:48","guid":{"rendered":"https:\/\/accofashion.de\/page-daccueil\/"},"modified":"2025-10-03T07:53:11","modified_gmt":"2025-10-03T07:53:11","slug":"page-daccueil","status":"publish","type":"page","link":"https:\/\/accofashion.de\/fr\/","title":{"rendered":"PAGE D\u2019ACCUEIL"},"content":{"rendered":"","protected":false},"excerpt":{"rendered":"","protected":false},"author":2,"featured_media":0,"parent":0,"menu_order":0,"comment_status":"closed","ping_status":"closed","template":"","meta":{"footnotes":""},"class_list":["post-1817","page","type-page","status-publish","hentry"],"yoast_head":"<!-- This site is optimized with the Yoast SEO plugin v27.3 - https:\/\/yoast.com\/product\/yoast-seo-wordpress\/ -->\n<title>ACCO Fashion<\/title>\n<meta name=\"description\" content=\"ACCO Fashion, Notre vision est de pr\u00e9senter une mode de qualit\u00e9 qui r\u00e9pond aux besoins de nos clients internationaux en nous concentrant sur des tissus haut de gamme avec nos applications technologiques innovantes.\" \/>\n<meta name=\"robots\" content=\"index, follow, max-snippet:-1, max-image-preview:large, max-video-preview:-1\" \/>\n<link rel=\"canonical\" href=\"https:\/\/accofashion.de\/fr\/\" \/>\n<meta property=\"og:locale\" content=\"fr_FR\" \/>\n<meta property=\"og:type\" content=\"article\" \/>\n<meta property=\"og:title\" content=\"ACCO Fashion\" \/>\n<meta property=\"og:description\" content=\"ACCO Fashion, Notre vision est de pr\u00e9senter une mode de qualit\u00e9 qui r\u00e9pond aux besoins de nos clients internationaux en nous concentrant sur des tissus haut de gamme avec nos applications technologiques innovantes.\" \/>\n<meta property=\"og:url\" content=\"https:\/\/accofashion.de\/fr\/\" \/>\n<meta property=\"og:site_name\" content=\"accofashion.de\" \/>\n<meta property=\"article:publisher\" content=\"https:\/\/www.facebook.com\/AccoFashionOfficial?mibextid=LQQJ4d\" \/>\n<meta property=\"article:modified_time\" content=\"2025-10-03T07:53:11+00:00\" \/>\n<meta name=\"twitter:card\" content=\"summary_large_image\" \/>\n<script type=\"application\/ld+json\" class=\"yoast-schema-graph\">{\"@context\":\"https:\\\/\\\/schema.org\",\"@graph\":[{\"@type\":\"WebPage\",\"@id\":\"https:\\\/\\\/accofashion.de\\\/fr\\\/\",\"url\":\"https:\\\/\\\/accofashion.de\\\/fr\\\/\",\"name\":\"ACCO Fashion\",\"isPartOf\":{\"@id\":\"https:\\\/\\\/accofashion.de\\\/fr\\\/#website\"},\"datePublished\":\"2022-11-22T10:51:48+00:00\",\"dateModified\":\"2025-10-03T07:53:11+00:00\",\"description\":\"ACCO Fashion, Notre vision est de pr\u00e9senter une mode de qualit\u00e9 qui r\u00e9pond aux besoins de nos clients internationaux en nous concentrant sur des tissus haut de gamme avec nos applications technologiques innovantes.\",\"breadcrumb\":{\"@id\":\"https:\\\/\\\/accofashion.de\\\/fr\\\/#breadcrumb\"},\"inLanguage\":\"fr-FR\",\"potentialAction\":[{\"@type\":\"ReadAction\",\"target\":[\"https:\\\/\\\/accofashion.de\\\/fr\\\/\"]}]},{\"@type\":\"BreadcrumbList\",\"@id\":\"https:\\\/\\\/accofashion.de\\\/fr\\\/#breadcrumb\",\"itemListElement\":[{\"@type\":\"ListItem\",\"position\":1,\"name\":\"Home\",\"item\":\"https:\\\/\\\/accofashion.de\\\/fr\\\/\"},{\"@type\":\"ListItem\",\"position\":2,\"name\":\"PAGE D\u2019ACCUEIL\"}]},{\"@type\":\"WebSite\",\"@id\":\"https:\\\/\\\/accofashion.de\\\/fr\\\/#website\",\"url\":\"https:\\\/\\\/accofashion.de\\\/fr\\\/\",\"name\":\"ACCO Fashion\",\"description\":\"ACCO FASHION\",\"publisher\":{\"@id\":\"https:\\\/\\\/accofashion.de\\\/fr\\\/#organization\"},\"potentialAction\":[{\"@type\":\"SearchAction\",\"target\":{\"@type\":\"EntryPoint\",\"urlTemplate\":\"https:\\\/\\\/accofashion.de\\\/fr\\\/?s={search_term_string}\"},\"query-input\":{\"@type\":\"PropertyValueSpecification\",\"valueRequired\":true,\"valueName\":\"search_term_string\"}}],\"inLanguage\":\"fr-FR\"},{\"@type\":\"Organization\",\"@id\":\"https:\\\/\\\/accofashion.de\\\/fr\\\/#organization\",\"name\":\"accofashion.de\",\"url\":\"https:\\\/\\\/accofashion.de\\\/fr\\\/\",\"logo\":{\"@type\":\"ImageObject\",\"inLanguage\":\"fr-FR\",\"@id\":\"https:\\\/\\\/accofashion.de\\\/fr\\\/#\\\/schema\\\/logo\\\/image\\\/\",\"url\":\"https:\\\/\\\/accofashion.de\\\/wp-content\\\/uploads\\\/2023\\\/12\\\/favicon-lg.jpg\",\"contentUrl\":\"https:\\\/\\\/accofashion.de\\\/wp-content\\\/uploads\\\/2023\\\/12\\\/favicon-lg.jpg\",\"width\":500,\"height\":500,\"caption\":\"accofashion.de\"},\"image\":{\"@id\":\"https:\\\/\\\/accofashion.de\\\/fr\\\/#\\\/schema\\\/logo\\\/image\\\/\"},\"sameAs\":[\"https:\\\/\\\/www.facebook.com\\\/AccoFashionOfficial?mibextid=LQQJ4d\",\"https:\\\/\\\/www.instagram.com\\\/accofashionofficial\\\/\",\"https:\\\/\\\/www.linkedin.com\\\/company\\\/accofashion\\\/\",\"https:\\\/\\\/www.youtube.com\\\/@ACCOFASHION-hg6xw\"]}]}<\/script>\n<!-- \/ Yoast SEO plugin. -->","yoast_head_json":{"title":"ACCO Fashion","description":"ACCO Fashion, Notre vision est de pr\u00e9senter une mode de qualit\u00e9 qui r\u00e9pond aux besoins de nos clients internationaux en nous concentrant sur des tissus haut de gamme avec nos applications technologiques innovantes.","robots":{"index":"index","follow":"follow","max-snippet":"max-snippet:-1","max-image-preview":"max-image-preview:large","max-video-preview":"max-video-preview:-1"},"canonical":"https:\/\/accofashion.de\/fr\/","og_locale":"fr_FR","og_type":"article","og_title":"ACCO Fashion","og_description":"ACCO Fashion, Notre vision est de pr\u00e9senter une mode de qualit\u00e9 qui r\u00e9pond aux besoins de nos clients internationaux en nous concentrant sur des tissus haut de gamme avec nos applications technologiques innovantes.","og_url":"https:\/\/accofashion.de\/fr\/","og_site_name":"accofashion.de","article_publisher":"https:\/\/www.facebook.com\/AccoFashionOfficial?mibextid=LQQJ4d","article_modified_time":"2025-10-03T07:53:11+00:00","twitter_card":"summary_large_image","schema":{"@context":"https:\/\/schema.org","@graph":[{"@type":"WebPage","@id":"https:\/\/accofashion.de\/fr\/","url":"https:\/\/accofashion.de\/fr\/","name":"ACCO Fashion","isPartOf":{"@id":"https:\/\/accofashion.de\/fr\/#website"},"datePublished":"2022-11-22T10:51:48+00:00","dateModified":"2025-10-03T07:53:11+00:00","description":"ACCO Fashion, Notre vision est de pr\u00e9senter une mode de qualit\u00e9 qui r\u00e9pond aux besoins de nos clients internationaux en nous concentrant sur des tissus haut de gamme avec nos applications technologiques innovantes.","breadcrumb":{"@id":"https:\/\/accofashion.de\/fr\/#breadcrumb"},"inLanguage":"fr-FR","potentialAction":[{"@type":"ReadAction","target":["https:\/\/accofashion.de\/fr\/"]}]},{"@type":"BreadcrumbList","@id":"https:\/\/accofashion.de\/fr\/#breadcrumb","itemListElement":[{"@type":"ListItem","position":1,"name":"Home","item":"https:\/\/accofashion.de\/fr\/"},{"@type":"ListItem","position":2,"name":"PAGE D\u2019ACCUEIL"}]},{"@type":"WebSite","@id":"https:\/\/accofashion.de\/fr\/#website","url":"https:\/\/accofashion.de\/fr\/","name":"ACCO Fashion","description":"ACCO FASHION","publisher":{"@id":"https:\/\/accofashion.de\/fr\/#organization"},"potentialAction":[{"@type":"SearchAction","target":{"@type":"EntryPoint","urlTemplate":"https:\/\/accofashion.de\/fr\/?s={search_term_string}"},"query-input":{"@type":"PropertyValueSpecification","valueRequired":true,"valueName":"search_term_string"}}],"inLanguage":"fr-FR"},{"@type":"Organization","@id":"https:\/\/accofashion.de\/fr\/#organization","name":"accofashion.de","url":"https:\/\/accofashion.de\/fr\/","logo":{"@type":"ImageObject","inLanguage":"fr-FR","@id":"https:\/\/accofashion.de\/fr\/#\/schema\/logo\/image\/","url":"https:\/\/accofashion.de\/wp-content\/uploads\/2023\/12\/favicon-lg.jpg","contentUrl":"https:\/\/accofashion.de\/wp-content\/uploads\/2023\/12\/favicon-lg.jpg","width":500,"height":500,"caption":"accofashion.de"},"image":{"@id":"https:\/\/accofashion.de\/fr\/#\/schema\/logo\/image\/"},"sameAs":["https:\/\/www.facebook.com\/AccoFashionOfficial?mibextid=LQQJ4d","https:\/\/www.instagram.com\/accofashionofficial\/","https:\/\/www.linkedin.com\/company\/accofashion\/","https:\/\/www.youtube.com\/@ACCOFASHION-hg6xw"]}]}},"_links":{"self":[{"href":"https:\/\/accofashion.de\/fr\/wp-json\/wp\/v2\/pages\/1817","targetHints":{"allow":["GET"]}}],"collection":[{"href":"https:\/\/accofashion.de\/fr\/wp-json\/wp\/v2\/pages"}],"about":[{"href":"https:\/\/accofashion.de\/fr\/wp-json\/wp\/v2\/types\/page"}],"author":[{"embeddable":true,"href":"https:\/\/accofashion.de\/fr\/wp-json\/wp\/v2\/users\/2"}],"replies":[{"embeddable":true,"href":"https:\/\/accofashion.de\/fr\/wp-json\/wp\/v2\/comments?post=1817"}],"version-history":[{"count":1,"href":"https:\/\/accofashion.de\/fr\/wp-json\/wp\/v2\/pages\/1817\/revisions"}],"predecessor-version":[{"id":1818,"href":"https:\/\/accofashion.de\/fr\/wp-json\/wp\/v2\/pages\/1817\/revisions\/1818"}],"wp:attachment":[{"href":"https:\/\/accofashion.de\/fr\/wp-json\/wp\/v2\/media?parent=1817"}],"curies":[{"name":"wp","href":"https:\/\/api.w.org\/{rel}","templated":true}]}}